{"id":39,"date":"2025-01-14T14:11:50","date_gmt":"2025-01-14T13:11:50","guid":{"rendered":"http:\/\/pfobetk.cluster100.hosting.ovh.net\/vvd\/?page_id=39"},"modified":"2025-08-12T08:22:05","modified_gmt":"2025-08-12T06:22:05","slug":"thanh-long","status":"publish","type":"page","link":"https:\/\/medialoha.net\/vvd\/?page_id=39","title":{"rendered":"Thanh Long"},"content":{"rendered":"\n<h2 class=\"wp-block-heading\">Huit Grandes Ecoles<\/h2>\n\n\n\n<div class=\"wp-block-columns is-layout-flex wp-container-core-columns-is-layout-28f84493 wp-block-columns-is-layout-flex\">\n<div class=\"wp-block-column is-layout-flow wp-block-column-is-layout-flow\">\n<figure class=\"wp-block-image size-full has-custom-border\"><img loading=\"lazy\" decoding=\"async\" width=\"954\" height=\"604\" src=\"https:\/\/medialoha.net\/vvd\/wp-content\/uploads\/2025\/08\/img_thanh_long_x4.jpg\" alt=\"\" class=\"wp-image-467\" style=\"border-radius:5px;box-shadow:var(--wp--preset--shadow--natural)\" srcset=\"https:\/\/medialoha.net\/vvd\/wp-content\/uploads\/2025\/08\/img_thanh_long_x4.jpg 954w, https:\/\/medialoha.net\/vvd\/wp-content\/uploads\/2025\/08\/img_thanh_long_x4-300x190.jpg 300w, https:\/\/medialoha.net\/vvd\/wp-content\/uploads\/2025\/08\/img_thanh_long_x4-768x486.jpg 768w\" sizes=\"auto, (max-width: 954px) 100vw, 954px\" \/><\/figure>\n<\/div>\n\n\n\n<div class=\"wp-block-column is-layout-flow wp-block-column-is-layout-flow\">\n<p>Soucieux d&rsquo;assurer la p\u00e9rennit\u00e9 de son art martial traditionnel Thanh Long, <strong>Ma\u00eetre Nguyen Dan Phu<\/strong> fonde officiellement, de son vivant, huit grandes \u00e9coles. Il nomme un de ses fils \u00e0 la t\u00eate de chacune d&rsquo;elle.<br><br>Symbole de l&rsquo;h\u00e9ritage familial ainsi transmis par <strong>Lao Su Da\u00ef Viet<\/strong>, une st\u00e8le, d\u00e9pos\u00e9e \u00e0 Da Gnuu, son village natal au Vietnam, t\u00e9moigne de cette d\u00e9cision.<\/p>\n<\/div>\n<\/div>\n\n\n\n<p><\/p>\n","protected":false},"excerpt":{"rendered":"<p>Huit Grandes Ecoles Soucieux d&rsquo;assurer la p\u00e9rennit\u00e9 de son art martial traditionnel Thanh Long, Ma\u00eetre Nguyen Dan Phu fonde officiellement, de son vivant, huit grandes \u00e9coles. Il nomme un de ses fils \u00e0 la t\u00eate de chacune d&rsquo;elle. Symbole de l&rsquo;h\u00e9ritage familial ainsi transmis par Lao Su Da\u00ef Viet, une st\u00e8le, d\u00e9pos\u00e9e \u00e0 Da Gnuu, [&hellip;]<\/p>\n","protected":false},"author":1,"featured_media":0,"parent":0,"menu_order":0,"comment_status":"closed","ping_status":"closed","template":"","meta":{"footnotes":""},"class_list":["post-39","page","type-page","status-publish","hentry"],"blocksy_meta":[],"_links":{"self":[{"href":"https:\/\/medialoha.net\/vvd\/index.php?rest_route=\/wp\/v2\/pages\/39","targetHints":{"allow":["GET"]}}],"collection":[{"href":"https:\/\/medialoha.net\/vvd\/index.php?rest_route=\/wp\/v2\/pages"}],"about":[{"href":"https:\/\/medialoha.net\/vvd\/index.php?rest_route=\/wp\/v2\/types\/page"}],"author":[{"embeddable":true,"href":"https:\/\/medialoha.net\/vvd\/index.php?rest_route=\/wp\/v2\/users\/1"}],"replies":[{"embeddable":true,"href":"https:\/\/medialoha.net\/vvd\/index.php?rest_route=%2Fwp%2Fv2%2Fcomments&post=39"}],"version-history":[{"count":5,"href":"https:\/\/medialoha.net\/vvd\/index.php?rest_route=\/wp\/v2\/pages\/39\/revisions"}],"predecessor-version":[{"id":468,"href":"https:\/\/medialoha.net\/vvd\/index.php?rest_route=\/wp\/v2\/pages\/39\/revisions\/468"}],"wp:attachment":[{"href":"https:\/\/medialoha.net\/vvd\/index.php?rest_route=%2Fwp%2Fv2%2Fmedia&parent=39"}],"curies":[{"name":"wp","href":"https:\/\/api.w.org\/{rel}","templated":true}]}}