{"id":35,"date":"2025-01-14T14:10:02","date_gmt":"2025-01-14T13:10:02","guid":{"rendered":"http:\/\/pfobetk.cluster100.hosting.ovh.net\/vvd\/?page_id=35"},"modified":"2025-08-12T08:29:40","modified_gmt":"2025-08-12T06:29:40","slug":"origines","status":"publish","type":"page","link":"https:\/\/medialoha.net\/vvd\/?page_id=35","title":{"rendered":"Origines"},"content":{"rendered":"\n<h2 class=\"wp-block-heading\">Viet Vo Dao<\/h2>\n\n\n\n<div class=\"wp-block-columns is-layout-flex wp-container-core-columns-is-layout-28f84493 wp-block-columns-is-layout-flex\">\n<div class=\"wp-block-column is-layout-flow wp-block-column-is-layout-flow\">\n<figure class=\"wp-block-gallery has-nested-images columns-default is-cropped wp-block-gallery-2 is-layout-flex wp-block-gallery-is-layout-flex\">\n<figure class=\"wp-block-image size-full has-custom-border is-style-default wp-duotone-unset-1\"><img loading=\"lazy\" decoding=\"async\" width=\"822\" height=\"532\" data-id=\"469\" src=\"https:\/\/medialoha.net\/vvd\/wp-content\/uploads\/2025\/08\/page-origines-dragon-x4.jpg\" alt=\"\" class=\"wp-image-469\" style=\"border-style:none;border-width:0px;border-radius:6px\" srcset=\"https:\/\/medialoha.net\/vvd\/wp-content\/uploads\/2025\/08\/page-origines-dragon-x4.jpg 822w, https:\/\/medialoha.net\/vvd\/wp-content\/uploads\/2025\/08\/page-origines-dragon-x4-300x194.jpg 300w, https:\/\/medialoha.net\/vvd\/wp-content\/uploads\/2025\/08\/page-origines-dragon-x4-768x497.jpg 768w\" sizes=\"auto, (max-width: 822px) 100vw, 822px\" \/><\/figure>\n<\/figure>\n<\/div>\n\n\n\n<div class=\"wp-block-column is-layout-flow wp-block-column-is-layout-flow\">\n<p>   Il est difficile d\u2019\u00e9tablir avec pr\u00e9cision l\u2019origine du V\u00f5 (l\u2019art martial vietnamien). Les historiens ont cependant d\u00e9couvert dans le Nord du Vietnam, des peintures rupestres, des objets, qui nous permettent de situer ses origines \u00e0 plus de 3000 ans avant J\u00e9sus-Christ.<\/p>\n<\/div>\n<\/div>\n\n\n\n<p>   Le terme litt\u00e9raire vietnamien VIET VO DAO a vu le jour en 1973 lors de la cr\u00e9ation de la premi\u00e8re F\u00e9d\u00e9ration Fran\u00e7aise. Cette expression peut se traduire ainsi :<br><br>   <strong>VIET<\/strong> : signifie transcendant, sup\u00e9rieur, c\u2019est aussi l\u2019abr\u00e9viation du nom du pays VI\u00caTNAM et du peuple Vietnamien.<br>     <strong>VO<\/strong> : veut dire, Art Martial.<br>   <strong>DAO<\/strong> : se traduit par la Voie, r\u00e9unissant tous les principes de vie et conduisant \u00e0 la sagesse.<br><br>   Litt\u00e9ralement le Viet Vo Dao n\u2019est donc pas un art martial mais un terme g\u00e9n\u00e9rique signifiant \u201cla Voie des arts martiaux Vietnamiens\u201d et regroupant l\u2019ensemble des Ecoles Vietnamiennes. Dire qu\u2019on fait du Viet Vo Dao signifie seulement qu\u2019on pratique un style originaire du Vietnam. Il convient donc toujours de pr\u00e9ciser le nom du style pratiqu\u00e9 (ex : Thanh Long Son Hai).<\/p>\n\n\n\n<h2 class=\"wp-block-heading\" style=\"text-transform:none\">Ma\u00eetre Nguyen Dan Phu<\/h2>\n\n\n\n<div class=\"wp-block-columns is-layout-flex wp-container-core-columns-is-layout-28f84493 wp-block-columns-is-layout-flex\">\n<div class=\"wp-block-column is-layout-flow wp-block-column-is-layout-flow\">\n<p>   N\u00e9 au Nord Vietnam, Ma\u00eetre Nguyen Dan Phu a b\u00e9n\u00e9fici\u00e9 pendant toute la premi\u00e8re partie de sa vie de l&rsquo;enseignement direct de Ma\u00eetres r\u00e9put\u00e9s dans tout le Vietnam. Il quittera Hano\u00ef pour collaborer avec l&rsquo;arm\u00e9e fran\u00e7aise pendant la seconde guerre mondiale et s&rsquo;installera en France \u00e0 la fin des hostilit\u00e9s.<\/p>\n\n\n\n<p>   Il aura huit fils. Tous seront initi\u00e9s aux arts martiaux Judo, Karat\u00e9 et A\u00efkido. Il leur enseigne personnellement le Viet Vo Dao au travers du style Thanh Long (Dragon vert).<\/p>\n<\/div>\n\n\n\n<div class=\"wp-block-column is-layout-flow wp-block-column-is-layout-flow\">\n<figure class=\"wp-block-image alignfull size-full has-custom-border is-style-default\"><img loading=\"lazy\" decoding=\"async\" width=\"362\" height=\"290\" src=\"https:\/\/medialoha.net\/vvd\/wp-content\/uploads\/2025\/08\/page-origines-danphu.jpg\" alt=\"\" class=\"wp-image-460\" style=\"border-radius:5px\" srcset=\"https:\/\/medialoha.net\/vvd\/wp-content\/uploads\/2025\/08\/page-origines-danphu.jpg 362w, https:\/\/medialoha.net\/vvd\/wp-content\/uploads\/2025\/08\/page-origines-danphu-300x240.jpg 300w\" sizes=\"auto, (max-width: 362px) 100vw, 362px\" \/><\/figure>\n<\/div>\n<\/div>\n\n\n\n<p style=\"border-style:none;border-width:0px\">   En 1991, Ma\u00eetre Nguyen Dan Phu demande \u00e0 3 de ses fils de poursuivre le d\u00e9veloppement de l\u2019art martial vietnamien en fondant leurs propres \u00e9coles :<\/p>\n\n\n\n<ul class=\"wp-block-list\">\n<li><strong>THANH LONG DONG HAI<\/strong> (La mer de l\u2019est) dirig\u00e9e par Ma\u00eetre Nguyen Dan Binh Serge, <\/li>\n\n\n\n<li><strong>THANH LONG TRUONG SON<\/strong> (La cha\u00eene des montagnes) dirig\u00e9e par Ma\u00eetre Nguyen Dan Viet G\u00e9rard<\/li>\n\n\n\n<li><strong>THANH LONG SON HAI<\/strong> (La montagne et la mer) dirig\u00e9e par Ma\u00eetre Nguyen Dan Hung Michel.<\/li>\n<\/ul>\n\n\n\n<h2 class=\"wp-block-heading\">Un art de vivre<\/h2>\n\n\n\n<div class=\"wp-block-columns is-layout-flex wp-container-core-columns-is-layout-28f84493 wp-block-columns-is-layout-flex\">\n<div class=\"wp-block-column is-layout-flow wp-block-column-is-layout-flow\">\n<figure class=\"wp-block-image size-full has-custom-border\"><img loading=\"lazy\" decoding=\"async\" width=\"360\" height=\"190\" src=\"https:\/\/medialoha.net\/vvd\/wp-content\/uploads\/2025\/08\/page-origines-fontaine.jpg\" alt=\"\" class=\"wp-image-461\" style=\"border-radius:5px;box-shadow:var(--wp--preset--shadow--natural)\" srcset=\"https:\/\/medialoha.net\/vvd\/wp-content\/uploads\/2025\/08\/page-origines-fontaine.jpg 360w, https:\/\/medialoha.net\/vvd\/wp-content\/uploads\/2025\/08\/page-origines-fontaine-300x158.jpg 300w\" sizes=\"auto, (max-width: 360px) 100vw, 360px\" \/><\/figure>\n<\/div>\n\n\n\n<div class=\"wp-block-column is-layout-flow wp-block-column-is-layout-flow\">\n<p>Tous styles confondus, l\u2019art martial vietnamien puise ses racines dans le patrimoine historique de son pays d\u2019origine : c\u2019est \u00e0 la fois un art martial aux techniques d\u2019une efficacit\u00e9 redoutable et un art de vivre (une philosophie) fond\u00e9 sur l\u2019\u00e9quilibre entre la force et la souplesse, l\u2019homme et la nature.<\/p>\n\n\n\n<p><\/p>\n<\/div>\n<\/div>\n\n\n\n<p><strong>Symbole majeur<\/strong> : le bambou, image de la droiture et de la souplesse, de la constance et du d\u00e9sint\u00e9ressement.<br><br><strong>Salut<\/strong> : Main d\u2019acier sur un c\u0153ur de bont\u00e9.<\/p>\n","protected":false},"excerpt":{"rendered":"<p>Le terme litt\u00e9raire vietnamien VIET VO DAO a vu le jour en 1973 lors de la cr\u00e9ation de la premi\u00e8re F\u00e9d\u00e9ration Fran\u00e7aise.<\/p>\n","protected":false},"author":1,"featured_media":0,"parent":0,"menu_order":0,"comment_status":"closed","ping_status":"closed","template":"","meta":{"footnotes":""},"class_list":["post-35","page","type-page","status-publish","hentry"],"blocksy_meta":[],"_links":{"self":[{"href":"https:\/\/medialoha.net\/vvd\/index.php?rest_route=\/wp\/v2\/pages\/35","targetHints":{"allow":["GET"]}}],"collection":[{"href":"https:\/\/medialoha.net\/vvd\/index.php?rest_route=\/wp\/v2\/pages"}],"about":[{"href":"https:\/\/medialoha.net\/vvd\/index.php?rest_route=\/wp\/v2\/types\/page"}],"author":[{"embeddable":true,"href":"https:\/\/medialoha.net\/vvd\/index.php?rest_route=\/wp\/v2\/users\/1"}],"replies":[{"embeddable":true,"href":"https:\/\/medialoha.net\/vvd\/index.php?rest_route=%2Fwp%2Fv2%2Fcomments&post=35"}],"version-history":[{"count":15,"href":"https:\/\/medialoha.net\/vvd\/index.php?rest_route=\/wp\/v2\/pages\/35\/revisions"}],"predecessor-version":[{"id":473,"href":"https:\/\/medialoha.net\/vvd\/index.php?rest_route=\/wp\/v2\/pages\/35\/revisions\/473"}],"wp:attachment":[{"href":"https:\/\/medialoha.net\/vvd\/index.php?rest_route=%2Fwp%2Fv2%2Fmedia&parent=35"}],"curies":[{"name":"wp","href":"https:\/\/api.w.org\/{rel}","templated":true}]}}