{"id":31,"date":"2025-01-14T14:07:53","date_gmt":"2025-01-14T13:07:53","guid":{"rendered":"http:\/\/pfobetk.cluster100.hosting.ovh.net\/vvd\/?page_id=31"},"modified":"2025-08-14T15:57:26","modified_gmt":"2025-08-14T13:57:26","slug":"contacts","status":"publish","type":"page","link":"https:\/\/medialoha.net\/vvd\/?page_id=31","title":{"rendered":"Contacts"},"content":{"rendered":"\n<div class=\"wp-block-columns is-layout-flex wp-container-core-columns-is-layout-28f84493 wp-block-columns-is-layout-flex\">\n<div class=\"wp-block-column is-layout-flow wp-block-column-is-layout-flow\">\n<figure class=\"wp-block-image size-large has-custom-border\"><img loading=\"lazy\" decoding=\"async\" width=\"703\" height=\"1024\" src=\"https:\/\/medialoha.net\/vvd\/wp-content\/uploads\/2025\/08\/Dragon_x16_drawing-right-703x1024.png\" alt=\"\" class=\"wp-image-491\" style=\"border-radius:10px\" srcset=\"https:\/\/medialoha.net\/vvd\/wp-content\/uploads\/2025\/08\/Dragon_x16_drawing-right-703x1024.png 703w, https:\/\/medialoha.net\/vvd\/wp-content\/uploads\/2025\/08\/Dragon_x16_drawing-right-206x300.png 206w, https:\/\/medialoha.net\/vvd\/wp-content\/uploads\/2025\/08\/Dragon_x16_drawing-right.png 744w\" sizes=\"auto, (max-width: 703px) 100vw, 703px\" \/><\/figure>\n<\/div>\n\n\n\n<div class=\"wp-block-column is-layout-flow wp-block-column-is-layout-flow\">\n<p><span style=\"color:#de3b4f;font-weight:800;font-variant-caps:small-caps;\"><b>CENTRE &#8211; Pr\u00e9sident de l&rsquo;institut SON HA\u00cf<\/b><\/span><br>M. BANOS Flor\u00e9al<br> <span class=\"dashicons dashicons-phone\"><\/span>\u00a0\u00a006.10.50.08.76<br> <span class=\"dashicons dashicons-email\"><\/span>\u00a0\u00a0<a href=\"mailto:floreal.banos@gmail.com\">floreal.banos@gmail.com<\/a><\/p>\n\n\n\n<p><span style=\"color:#de3b4f;font-weight:800;font-variant-caps:small-caps;\">Auvergne<\/span><br> M. Jean-Pierre BOST<br> <span class=\"dashicons dashicons-phone\"><\/span>\u00a0\u00a006.08.95.49.88<br> <span class=\"dashicons dashicons-email\"><\/span>\u00a0\u00a0<a href=\"mailto:bostjeanpierre@wanadoo.fr\" target=\"_blank\" rel=\"noreferrer noopener\">bostjeanpierre@wanadoo.fr<\/a><\/p>\n\n\n\n<p><span style=\"color:#de3b4f;font-weight:800;font-variant-caps:small-caps;\">Limousin<\/span><br> M. Patrick VARLET<br> <span class=\"dashicons dashicons-phone\"><\/span>\u00a0\u00a006.07.89.01.55<br> <span class=\"dashicons dashicons-email\"><\/span>\u00a0\u00a0<a href=\"mailto:pvarlet@free.fr\" target=\"_blank\" rel=\"noreferrer noopener\">pvarlet@free.fr<\/a><\/p>\n\n\n\n<p><span style=\"color:#de3b4f;font-weight:800;font-variant-caps:small-caps;\">Midi<\/span><br> M. Philippe COMBETTE<br> <span class=\"dashicons dashicons-phone\"><\/span>\u00a0\u00a007.82.09.07.19<br> <span class=\"dashicons dashicons-email\"><\/span>\u00a0\u00a0<a href=\"mailto:combette@cem2.univ-montp2.fr\" target=\"_blank\" rel=\"noreferrer noopener\">combette@cem2.univ-montp2.fr<\/a><\/p>\n\n\n\n<p><span style=\"color:#de3b4f;font-weight:800;font-variant-caps:small-caps;\">Ile de France<\/span><br> M. Jean-Luc MORVAN\u00a0<br> <span class=\"dashicons dashicons-phone\"><\/span>\u00a0\u00a006.79.15.02.49<br> <span class=\"dashicons dashicons-email\"><\/span>\u00a0\u00a0<a href=\"mailto:morvan.jean-luc@orange.fr\">morvan.jean-luc@orange.fr<\/a><\/p>\n\n\n\n<p>\n<span style=\"color:#de3b4f;font-weight:800;font-variant-caps:small-caps;\">Vietnam<\/span><br>M. L\u00ca QUANG DAT<br>\n<span class=\"dashicons dashicons-location\"><\/span>&nbsp;&nbsp;39 b Hang Bai Hanoi\n<\/p>\n<\/div>\n<\/div>\n\n\n\n<p><\/p>\n","protected":false},"excerpt":{"rendered":"<p>CENTRE &#8211; Pr\u00e9sident de l&rsquo;institut SON HA\u00cfM. BANOS Flor\u00e9al \u00a0\u00a006.10.50.08.76 \u00a0\u00a0floreal.banos@gmail.com Auvergne M. Jean-Pierre BOST \u00a0\u00a006.08.95.49.88 \u00a0\u00a0bostjeanpierre@wanadoo.fr Limousin M. Patrick VARLET \u00a0\u00a006.07.89.01.55 \u00a0\u00a0pvarlet@free.fr Midi M. Philippe COMBETTE \u00a0\u00a007.82.09.07.19 \u00a0\u00a0combette@cem2.univ-montp2.fr Ile de France M. Jean-Luc MORVAN\u00a0 \u00a0\u00a006.79.15.02.49 \u00a0\u00a0morvan.jean-luc@orange.fr VietnamM. L\u00ca QUANG DAT &nbsp;&nbsp;39 b Hang Bai Hanoi<\/p>\n","protected":false},"author":1,"featured_media":0,"parent":0,"menu_order":0,"comment_status":"closed","ping_status":"closed","template":"","meta":{"footnotes":""},"class_list":["post-31","page","type-page","status-publish","hentry"],"blocksy_meta":[],"_links":{"self":[{"href":"https:\/\/medialoha.net\/vvd\/index.php?rest_route=\/wp\/v2\/pages\/31","targetHints":{"allow":["GET"]}}],"collection":[{"href":"https:\/\/medialoha.net\/vvd\/index.php?rest_route=\/wp\/v2\/pages"}],"about":[{"href":"https:\/\/medialoha.net\/vvd\/index.php?rest_route=\/wp\/v2\/types\/page"}],"author":[{"embeddable":true,"href":"https:\/\/medialoha.net\/vvd\/index.php?rest_route=\/wp\/v2\/users\/1"}],"replies":[{"embeddable":true,"href":"https:\/\/medialoha.net\/vvd\/index.php?rest_route=%2Fwp%2Fv2%2Fcomments&post=31"}],"version-history":[{"count":30,"href":"https:\/\/medialoha.net\/vvd\/index.php?rest_route=\/wp\/v2\/pages\/31\/revisions"}],"predecessor-version":[{"id":678,"href":"https:\/\/medialoha.net\/vvd\/index.php?rest_route=\/wp\/v2\/pages\/31\/revisions\/678"}],"wp:attachment":[{"href":"https:\/\/medialoha.net\/vvd\/index.php?rest_route=%2Fwp%2Fv2%2Fmedia&parent=31"}],"curies":[{"name":"wp","href":"https:\/\/api.w.org\/{rel}","templated":true}]}}