{"id":282,"date":"2025-01-16T13:17:28","date_gmt":"2025-01-16T12:17:28","guid":{"rendered":"http:\/\/pfobetk.cluster100.hosting.ovh.net\/vvd\/?page_id=282"},"modified":"2025-01-16T13:54:32","modified_gmt":"2025-01-16T12:54:32","slug":"actualites","status":"publish","type":"page","link":"https:\/\/medialoha.net\/vvd\/?page_id=282","title":{"rendered":"Actualit\u00e9s"},"content":{"rendered":"\n<div data-id=\"84732fe0\" class=\"wp-block-blocksy-query\"><div class=\"ct-query-template-grid\"><article class=\"wp-block-post is-layout-flow post-681 post type-post status-publish format-standard has-post-thumbnail hentry category-divers\">\n\n<div class=\"wp-block-group is-vertical is-content-justification-stretch is-nowrap is-layout-flex wp-container-core-group-is-layout-d43721b1 wp-block-group-is-layout-flex\" style=\"min-height:100%\"><a style=\"margin-bottom:0;\" class=\"ct-dynamic-media wp-elements-215feaeb6daf519babdab9ad078520dc\" aria-label=\"Test 14-08-2025\" href=\"https:\/\/medialoha.net\/vvd\/?p=681\"><span data-hover=\"zoom-out\" class=\"ct-dynamic-media-inner\" style=\"\"><img loading=\"lazy\" decoding=\"async\" width=\"287\" height=\"388\" src=\"https:\/\/medialoha.net\/vvd\/wp-content\/uploads\/2025\/08\/famille-011.jpg\" class=\"attachment-full size-full\" alt=\"\" style=\"width:100%;height:100%;object-fit: cover;aspect-ratio: 16\/9;\" srcset=\"https:\/\/medialoha.net\/vvd\/wp-content\/uploads\/2025\/08\/famille-011.jpg 287w, https:\/\/medialoha.net\/vvd\/wp-content\/uploads\/2025\/08\/famille-011-222x300.jpg 222w\" sizes=\"auto, (max-width: 287px) 100vw, 287px\" \/><\/span><\/a>\n\n\n<div class=\"wp-block-group has-palette-color-8-background-color has-background wp-container-content-9cfa9a5a is-layout-constrained wp-block-group-is-layout-constrained\" style=\"min-height:100%\"><h2 style=\"font-size:clamp(14px, 0.875rem + ((1vw - 3.2px) * 0.313), 18px);\" class=\"ct-dynamic-data wp-elements-6de8dfe40f95c231b17cf5beeb473da3\"><a href=\"https:\/\/medialoha.net\/vvd\/?p=681\">Test 14-08-2025<\/a><\/h2>\n\n<div style=\"font-style:normal;font-weight:500;text-transform:uppercase;\" class=\"ct-dynamic-data wp-elements-68e6182a7abdc44a03bc7713aff1213f has-small-font-size\">14 ao\u00fbt 2025<\/div>\n\n<div class=\"ct-dynamic-data wp-elements-75c3acab3cff5557061d009d04e39255\"><p>en construction<\/p>\n<\/div><\/div>\n<\/div>\n\n<\/article><article class=\"wp-block-post is-layout-flow post-680 post type-post status-publish format-standard has-post-thumbnail hentry category-stage\">\n\n<div class=\"wp-block-group is-vertical is-content-justification-stretch is-nowrap is-layout-flex wp-container-core-group-is-layout-d43721b1 wp-block-group-is-layout-flex\" style=\"min-height:100%\"><a style=\"margin-bottom:0;\" class=\"ct-dynamic-media wp-elements-215feaeb6daf519babdab9ad078520dc\" aria-label=\"Stage de rentr\u00e9e 2025\" href=\"https:\/\/medialoha.net\/vvd\/?p=680\"><span data-hover=\"zoom-out\" class=\"ct-dynamic-media-inner\" style=\"\"><img loading=\"lazy\" decoding=\"async\" width=\"2560\" height=\"1707\" src=\"https:\/\/medialoha.net\/vvd\/wp-content\/uploads\/2025\/08\/DSC_0581-1-scaled.jpg\" class=\"attachment-full size-full\" alt=\"\" style=\"width:100%;height:100%;object-fit: cover;aspect-ratio: 16\/9;\" srcset=\"https:\/\/medialoha.net\/vvd\/wp-content\/uploads\/2025\/08\/DSC_0581-1-scaled.jpg 2560w, https:\/\/medialoha.net\/vvd\/wp-content\/uploads\/2025\/08\/DSC_0581-1-300x200.jpg 300w, https:\/\/medialoha.net\/vvd\/wp-content\/uploads\/2025\/08\/DSC_0581-1-1024x683.jpg 1024w, https:\/\/medialoha.net\/vvd\/wp-content\/uploads\/2025\/08\/DSC_0581-1-768x512.jpg 768w, https:\/\/medialoha.net\/vvd\/wp-content\/uploads\/2025\/08\/DSC_0581-1-1536x1024.jpg 1536w, https:\/\/medialoha.net\/vvd\/wp-content\/uploads\/2025\/08\/DSC_0581-1-2048x1365.jpg 2048w\" sizes=\"auto, (max-width: 2560px) 100vw, 2560px\" \/><\/span><\/a>\n\n\n<div class=\"wp-block-group has-palette-color-8-background-color has-background wp-container-content-9cfa9a5a is-layout-constrained wp-block-group-is-layout-constrained\" style=\"min-height:100%\"><h2 style=\"font-size:clamp(14px, 0.875rem + ((1vw - 3.2px) * 0.313), 18px);\" class=\"ct-dynamic-data wp-elements-6de8dfe40f95c231b17cf5beeb473da3\"><a href=\"https:\/\/medialoha.net\/vvd\/?p=680\">Stage de rentr\u00e9e 2025<\/a><\/h2>\n\n<div style=\"font-style:normal;font-weight:500;text-transform:uppercase;\" class=\"ct-dynamic-data wp-elements-68e6182a7abdc44a03bc7713aff1213f has-small-font-size\">14 ao\u00fbt 2025<\/div>\n\n<div class=\"ct-dynamic-data wp-elements-75c3acab3cff5557061d009d04e39255\"><p>Cette journ\u00e9e a \u00e9t\u00e9 consacr\u00e9e aux r\u00e9visions<\/p>\n<\/div><\/div>\n<\/div>\n\n<\/article><article class=\"wp-block-post is-layout-flow post-431 post type-post status-publish format-standard has-post-thumbnail hentry category-stage\">\n\n<div class=\"wp-block-group is-vertical is-content-justification-stretch is-nowrap is-layout-flex wp-container-core-group-is-layout-d43721b1 wp-block-group-is-layout-flex\" style=\"min-height:100%\"><a style=\"margin-bottom:0;\" class=\"ct-dynamic-media wp-elements-215feaeb6daf519babdab9ad078520dc\" aria-label=\"WE Bourboule 2025\" href=\"https:\/\/medialoha.net\/vvd\/?p=431\"><span data-hover=\"zoom-out\" class=\"ct-dynamic-media-inner\" style=\"\"><img loading=\"lazy\" decoding=\"async\" width=\"500\" height=\"526\" src=\"https:\/\/medialoha.net\/vvd\/wp-content\/uploads\/2025\/01\/437044709_1175961300412339_890162574456367334_n.jpg\" class=\"attachment-full size-full\" alt=\"\" style=\"width:100%;height:100%;object-fit: cover;aspect-ratio: 16\/9;\" srcset=\"https:\/\/medialoha.net\/vvd\/wp-content\/uploads\/2025\/01\/437044709_1175961300412339_890162574456367334_n.jpg 500w, https:\/\/medialoha.net\/vvd\/wp-content\/uploads\/2025\/01\/437044709_1175961300412339_890162574456367334_n-285x300.jpg 285w\" sizes=\"auto, (max-width: 500px) 100vw, 500px\" \/><\/span><\/a>\n\n\n<div class=\"wp-block-group has-palette-color-8-background-color has-background wp-container-content-9cfa9a5a is-layout-constrained wp-block-group-is-layout-constrained\" style=\"min-height:100%\"><h2 style=\"font-size:clamp(14px, 0.875rem + ((1vw - 3.2px) * 0.313), 18px);\" class=\"ct-dynamic-data wp-elements-6de8dfe40f95c231b17cf5beeb473da3\"><a href=\"https:\/\/medialoha.net\/vvd\/?p=431\">WE Bourboule 2025<\/a><\/h2>\n\n<div style=\"font-style:normal;font-weight:500;text-transform:uppercase;\" class=\"ct-dynamic-data wp-elements-68e6182a7abdc44a03bc7713aff1213f has-small-font-size\">24 avril 2025<\/div>\n\n<div class=\"ct-dynamic-data wp-elements-75c3acab3cff5557061d009d04e39255\">petit ew$xtrait<\/div><\/div>\n<\/div>\n\n<\/article><article class=\"wp-block-post is-layout-flow post-295 post type-post status-publish format-standard has-post-thumbnail hentry category-divers\">\n\n<div class=\"wp-block-group is-vertical is-content-justification-stretch is-nowrap is-layout-flex wp-container-core-group-is-layout-d43721b1 wp-block-group-is-layout-flex\" style=\"min-height:100%\"><a style=\"margin-bottom:0;\" class=\"ct-dynamic-media wp-elements-215feaeb6daf519babdab9ad078520dc\" aria-label=\"WE La Bourboule\" href=\"https:\/\/medialoha.net\/vvd\/?p=295\"><span data-hover=\"zoom-out\" class=\"ct-dynamic-media-inner\" style=\"\"><img loading=\"lazy\" decoding=\"async\" width=\"2048\" height=\"1201\" src=\"https:\/\/medialoha.net\/vvd\/wp-content\/uploads\/2025\/01\/472528196_1375075213834279_463202007489246788_n.jpg\" class=\"attachment-full size-full\" alt=\"\" style=\"width:100%;height:100%;object-fit: cover;aspect-ratio: 16\/9;\" srcset=\"https:\/\/medialoha.net\/vvd\/wp-content\/uploads\/2025\/01\/472528196_1375075213834279_463202007489246788_n.jpg 2048w, https:\/\/medialoha.net\/vvd\/wp-content\/uploads\/2025\/01\/472528196_1375075213834279_463202007489246788_n-600x352.jpg 600w, https:\/\/medialoha.net\/vvd\/wp-content\/uploads\/2025\/01\/472528196_1375075213834279_463202007489246788_n-300x176.jpg 300w, https:\/\/medialoha.net\/vvd\/wp-content\/uploads\/2025\/01\/472528196_1375075213834279_463202007489246788_n-1024x601.jpg 1024w, https:\/\/medialoha.net\/vvd\/wp-content\/uploads\/2025\/01\/472528196_1375075213834279_463202007489246788_n-768x450.jpg 768w, https:\/\/medialoha.net\/vvd\/wp-content\/uploads\/2025\/01\/472528196_1375075213834279_463202007489246788_n-1536x901.jpg 1536w\" sizes=\"auto, (max-width: 2048px) 100vw, 2048px\" \/><\/span><\/a>\n\n\n<div class=\"wp-block-group has-palette-color-8-background-color has-background wp-container-content-9cfa9a5a is-layout-constrained wp-block-group-is-layout-constrained\" style=\"min-height:100%\"><h2 style=\"font-size:clamp(14px, 0.875rem + ((1vw - 3.2px) * 0.313), 18px);\" class=\"ct-dynamic-data wp-elements-6de8dfe40f95c231b17cf5beeb473da3\"><a href=\"https:\/\/medialoha.net\/vvd\/?p=295\">WE La Bourboule<\/a><\/h2>\n\n<div style=\"font-style:normal;font-weight:500;text-transform:uppercase;\" class=\"ct-dynamic-data wp-elements-68e6182a7abdc44a03bc7713aff1213f has-small-font-size\">16 janvier 2025<\/div>\n\n<div class=\"ct-dynamic-data wp-elements-75c3acab3cff5557061d009d04e39255\"><p>Un week-end bien charg\u00e9 pour les pratiquants, du plus jeune au plus ancien. Le Dimanche a \u00e9t\u00e9 consacr\u00e9 au travail\u2026<\/p>\n<\/div><\/div>\n<\/div>\n\n<\/article><article class=\"wp-block-post is-layout-flow post-293 post type-post status-publish format-standard has-post-thumbnail hentry category-divers\">\n\n<div class=\"wp-block-group is-vertical is-content-justification-stretch is-nowrap is-layout-flex wp-container-core-group-is-layout-d43721b1 wp-block-group-is-layout-flex\" style=\"min-height:100%\"><a style=\"margin-bottom:0;\" class=\"ct-dynamic-media wp-elements-215feaeb6daf519babdab9ad078520dc\" aria-label=\"RTA 2024\" href=\"https:\/\/medialoha.net\/vvd\/?p=293\"><span data-hover=\"zoom-out\" class=\"ct-dynamic-media-inner\" style=\"\"><img loading=\"lazy\" decoding=\"async\" width=\"640\" height=\"360\" src=\"https:\/\/medialoha.net\/vvd\/wp-content\/uploads\/2025\/01\/431527871_1161474921860977_3744889388627833364_n.jpg\" class=\"attachment-full size-full\" alt=\"\" style=\"width:100%;height:100%;object-fit: cover;aspect-ratio: 16\/9;\" srcset=\"https:\/\/medialoha.net\/vvd\/wp-content\/uploads\/2025\/01\/431527871_1161474921860977_3744889388627833364_n.jpg 640w, https:\/\/medialoha.net\/vvd\/wp-content\/uploads\/2025\/01\/431527871_1161474921860977_3744889388627833364_n-600x338.jpg 600w, https:\/\/medialoha.net\/vvd\/wp-content\/uploads\/2025\/01\/431527871_1161474921860977_3744889388627833364_n-300x169.jpg 300w\" sizes=\"auto, (max-width: 640px) 100vw, 640px\" \/><\/span><\/a>\n\n\n<div class=\"wp-block-group has-palette-color-8-background-color has-background wp-container-content-9cfa9a5a is-layout-constrained wp-block-group-is-layout-constrained\" style=\"min-height:100%\"><h2 style=\"font-size:clamp(14px, 0.875rem + ((1vw - 3.2px) * 0.313), 18px);\" class=\"ct-dynamic-data wp-elements-6de8dfe40f95c231b17cf5beeb473da3\"><a href=\"https:\/\/medialoha.net\/vvd\/?p=293\">RTA 2024<\/a><\/h2>\n\n<div style=\"font-style:normal;font-weight:500;text-transform:uppercase;\" class=\"ct-dynamic-data wp-elements-68e6182a7abdc44a03bc7713aff1213f has-small-font-size\">16 janvier 2025<\/div>\n\n<div class=\"ct-dynamic-data wp-elements-75c3acab3cff5557061d009d04e39255\"><p>Ce RTA 2024 \u00e9tait un \u00e9v\u00e8nement exceptionnel pour notre \u00e9cole. En effet, la famille NGUYEN DAN honorait la m\u00e9moire du\u2026<\/p>\n<\/div><\/div>\n<\/div>\n\n<\/article><article class=\"wp-block-post is-layout-flow post-291 post type-post status-publish format-standard has-post-thumbnail hentry category-divers\">\n\n<div class=\"wp-block-group is-vertical is-content-justification-stretch is-nowrap is-layout-flex wp-container-core-group-is-layout-d43721b1 wp-block-group-is-layout-flex\" style=\"min-height:100%\"><a style=\"margin-bottom:0;\" class=\"ct-dynamic-media wp-elements-215feaeb6daf519babdab9ad078520dc\" aria-label=\"R\u00e9union Coll\u00e8ge\" href=\"https:\/\/medialoha.net\/vvd\/?p=291\"><span data-hover=\"zoom-out\" class=\"ct-dynamic-media-inner\" style=\"\"><img loading=\"lazy\" decoding=\"async\" width=\"500\" height=\"336\" src=\"https:\/\/medialoha.net\/vvd\/wp-content\/uploads\/2025\/01\/467811966_1341219457219855_5732931701750226352_n.jpg\" class=\"attachment-full size-full\" alt=\"\" style=\"width:100%;height:100%;object-fit: cover;aspect-ratio: 16\/9;\" srcset=\"https:\/\/medialoha.net\/vvd\/wp-content\/uploads\/2025\/01\/467811966_1341219457219855_5732931701750226352_n.jpg 500w, https:\/\/medialoha.net\/vvd\/wp-content\/uploads\/2025\/01\/467811966_1341219457219855_5732931701750226352_n-300x202.jpg 300w\" sizes=\"auto, (max-width: 500px) 100vw, 500px\" \/><\/span><\/a>\n\n\n<div class=\"wp-block-group has-palette-color-8-background-color has-background wp-container-content-9cfa9a5a is-layout-constrained wp-block-group-is-layout-constrained\" style=\"min-height:100%\"><h2 style=\"font-size:clamp(14px, 0.875rem + ((1vw - 3.2px) * 0.313), 18px);\" class=\"ct-dynamic-data wp-elements-6de8dfe40f95c231b17cf5beeb473da3\"><a href=\"https:\/\/medialoha.net\/vvd\/?p=291\">R\u00e9union Coll\u00e8ge<\/a><\/h2>\n\n<div style=\"font-style:normal;font-weight:500;text-transform:uppercase;\" class=\"ct-dynamic-data wp-elements-68e6182a7abdc44a03bc7713aff1213f has-small-font-size\">16 janvier 2025<\/div>\n\n<div class=\"ct-dynamic-data wp-elements-75c3acab3cff5557061d009d04e39255\"><p>Un week-end bien charg\u00e9 pour les pratiquants, du plus jeune au plus ancien. Le Dimanche a \u00e9t\u00e9 consacr\u00e9 au travail\u2026<\/p>\n<\/div><\/div>\n<\/div>\n\n<\/article><\/div>\n\t\t<nav class=\"ct-pagination\" data-pagination=\"simple\"  >\n\t\t\t<div class=\"ct-hidden-sm\"><span aria-current=\"page\" class=\"page-numbers current\">1<\/span>\n<a class=\"page-numbers\" href=\"https:\/\/medialoha.net\/vvd\/index.php\/?query-84732fe0=2&#038;rest_route=%2Fwp%2Fv2%2Fpages%2F282\">2<\/a><\/div><a class=\"next page-numbers\" rel=\"next\" href=\"https:\/\/medialoha.net\/vvd\/index.php\/?query-84732fe0=2&#038;rest_route=%2Fwp%2Fv2%2Fpages%2F282\">Suivant <svg width=\"9px\" height=\"9px\" viewBox=\"0 0 15 15\" fill=\"currentColor\"><path d=\"M4.1,15c0.2,0,0.4-0.1,0.6-0.2L11.4,8c0.3-0.3,0.3-0.8,0-1.1L4.8,0.2C4.5-0.1,4-0.1,3.7,0.2C3.4,0.5,3.4,1,3.7,1.3l6.1,6.1l-6.2,6.2c-0.3,0.3-0.3,0.8,0,1.1C3.7,14.9,3.9,15,4.1,15z\"\/><\/svg><\/a>\n\t\t\t\n\t\t<\/nav><style>[data-id='84732fe0'] {--grid-columns-width:3;}@media (max-width: 999.98px) {[data-id='84732fe0'] {--grid-columns-width:2;}}@media (max-width: 689.98px) {[data-id='84732fe0'] {--grid-columns-width:1;}}<\/style><\/div>\n\n\n\n<p><\/p>\n","protected":false},"excerpt":{"rendered":"","protected":false},"author":1,"featured_media":0,"parent":0,"menu_order":0,"comment_status":"closed","ping_status":"closed","template":"","meta":{"footnotes":""},"class_list":["post-282","page","type-page","status-publish","hentry"],"blocksy_meta":{"page_structure_type":"type-1","styles_descriptor":{"styles":{"desktop":"","tablet":"","mobile":""},"google_fonts":[],"version":6}},"_links":{"self":[{"href":"https:\/\/medialoha.net\/vvd\/index.php?rest_route=\/wp\/v2\/pages\/282","targetHints":{"allow":["GET"]}}],"collection":[{"href":"https:\/\/medialoha.net\/vvd\/index.php?rest_route=\/wp\/v2\/pages"}],"about":[{"href":"https:\/\/medialoha.net\/vvd\/index.php?rest_route=\/wp\/v2\/types\/page"}],"author":[{"embeddable":true,"href":"https:\/\/medialoha.net\/vvd\/index.php?rest_route=\/wp\/v2\/users\/1"}],"replies":[{"embeddable":true,"href":"https:\/\/medialoha.net\/vvd\/index.php?rest_route=%2Fwp%2Fv2%2Fcomments&post=282"}],"version-history":[{"count":7,"href":"https:\/\/medialoha.net\/vvd\/index.php?rest_route=\/wp\/v2\/pages\/282\/revisions"}],"predecessor-version":[{"id":313,"href":"https:\/\/medialoha.net\/vvd\/index.php?rest_route=\/wp\/v2\/pages\/282\/revisions\/313"}],"wp:attachment":[{"href":"https:\/\/medialoha.net\/vvd\/index.php?rest_route=%2Fwp%2Fv2%2Fmedia&parent=282"}],"curies":[{"name":"wp","href":"https:\/\/api.w.org\/{rel}","templated":true}]}}