{"id":27,"date":"2025-01-14T13:59:55","date_gmt":"2025-01-14T12:59:55","guid":{"rendered":"http:\/\/pfobetk.cluster100.hosting.ovh.net\/vvd\/?page_id=27"},"modified":"2025-08-13T11:22:23","modified_gmt":"2025-08-13T09:22:23","slug":"mentions-legales","status":"publish","type":"page","link":"https:\/\/medialoha.net\/vvd\/?page_id=27","title":{"rendered":"Mentions L\u00e9gales"},"content":{"rendered":"\n<p>Nom de l\u2019association :<\/p>\n\n\n\n<p>Adresse :<\/p>\n\n\n\n<p>Num\u00e9ro de t\u00e9l\u00e9phone :<\/p>\n\n\n\n<p>Directeur de la publication (nom du pr\u00e9sident de l\u2019association) :<\/p>\n\n\n\n<p>H\u00e9bergeur :<\/p>\n\n\n\n<p><\/p>\n","protected":false},"excerpt":{"rendered":"<p>Nom de l\u2019association : Adresse : Num\u00e9ro de t\u00e9l\u00e9phone : Directeur de la publication (nom du pr\u00e9sident de l\u2019association) : H\u00e9bergeur :<\/p>\n","protected":false},"author":1,"featured_media":0,"parent":0,"menu_order":0,"comment_status":"closed","ping_status":"closed","template":"","meta":{"footnotes":""},"class_list":["post-27","page","type-page","status-publish","hentry"],"blocksy_meta":[],"_links":{"self":[{"href":"https:\/\/medialoha.net\/vvd\/index.php?rest_route=\/wp\/v2\/pages\/27","targetHints":{"allow":["GET"]}}],"collection":[{"href":"https:\/\/medialoha.net\/vvd\/index.php?rest_route=\/wp\/v2\/pages"}],"about":[{"href":"https:\/\/medialoha.net\/vvd\/index.php?rest_route=\/wp\/v2\/types\/page"}],"author":[{"embeddable":true,"href":"https:\/\/medialoha.net\/vvd\/index.php?rest_route=\/wp\/v2\/users\/1"}],"replies":[{"embeddable":true,"href":"https:\/\/medialoha.net\/vvd\/index.php?rest_route=%2Fwp%2Fv2%2Fcomments&post=27"}],"version-history":[{"count":2,"href":"https:\/\/medialoha.net\/vvd\/index.php?rest_route=\/wp\/v2\/pages\/27\/revisions"}],"predecessor-version":[{"id":645,"href":"https:\/\/medialoha.net\/vvd\/index.php?rest_route=\/wp\/v2\/pages\/27\/revisions\/645"}],"wp:attachment":[{"href":"https:\/\/medialoha.net\/vvd\/index.php?rest_route=%2Fwp%2Fv2%2Fmedia&parent=27"}],"curies":[{"name":"wp","href":"https:\/\/api.w.org\/{rel}","templated":true}]}}