{"id":126,"date":"2025-01-14T15:43:20","date_gmt":"2025-01-14T14:43:20","guid":{"rendered":"http:\/\/pfobetk.cluster100.hosting.ovh.net\/vvd\/?page_id=126"},"modified":"2025-08-14T15:44:02","modified_gmt":"2025-08-14T13:44:02","slug":"agenda","status":"publish","type":"page","link":"https:\/\/medialoha.net\/vvd\/?page_id=126","title":{"rendered":"Agenda"},"content":{"rendered":"\n<p>Les dates importantes de l&rsquo;ann\u00e9e : Stages \/ RTA \/ R\u00e9union CV et CN<\/p>\n\n\n\n<div class=\"wp-block-group is-layout-grid wp-container-core-group-is-layout-478b6e6b wp-block-group-is-layout-grid\">\n<div class=\"wp-block-group is-layout-constrained wp-block-group-is-layout-constrained\">\n<h2 class=\"wp-block-heading has-medium-font-size\">R\u00e9union Coll\u00e8ge CV<\/h2>\n\n\n\n<p class=\"wp-container-content-69bc4bdf\">Dimanche 14 septembre 2025<br>Gymnase de Nerdre <br>Montlu\u00e7on<br><em><strong>R\u00e9serv\u00e9 CV<\/strong><\/em><br><br><\/p>\n\n\n\n<hr class=\"wp-block-separator has-alpha-channel-opacity is-style-wide wp-container-content-69bc4bdf\"\/>\n<\/div>\n\n\n\n<div class=\"wp-block-group is-layout-constrained wp-block-group-is-layout-constrained\">\n<h2 class=\"wp-block-heading has-medium-font-size\">R\u00e9union Cercle CN<\/h2>\n\n\n\n<p class=\"wp-container-content-69bc4bdf\">Dimanche 28 septembre 2025<br>Gymnase de Nerdre <br>Montlu\u00e7on<br><em><strong>R\u00e9serv\u00e9 CN<\/strong><\/em><br><br><\/p>\n\n\n\n<hr class=\"wp-block-separator has-alpha-channel-opacity is-style-wide wp-container-content-69bc4bdf\"\/>\n<\/div>\n\n\n\n<div class=\"wp-block-group is-layout-constrained wp-block-group-is-layout-constrained\">\n<h2 class=\"wp-block-heading has-medium-font-size\">Stage de rentr\u00e9e<\/h2>\n\n\n\n<p class=\"wp-container-content-69bc4bdf\">\u00e0 d\u00e9finir<br>Gymnase de Nerdre <br>Montlu\u00e7on<br><em><strong>Ouvert \u00e0 tous<\/strong><\/em><br><br><\/p>\n\n\n\n<hr class=\"wp-block-separator has-alpha-channel-opacity is-style-wide wp-container-content-69bc4bdf\" style=\"margin-top:0;margin-bottom:0\"\/>\n<\/div>\n\n\n\n<div class=\"wp-block-group is-layout-constrained wp-block-group-is-layout-constrained\">\n<h2 class=\"wp-block-heading has-medium-font-size\">WE Perfectionnent Vichy<\/h2>\n\n\n\n<p class=\"wp-container-content-69bc4bdf\">13 et 14 d\u00e9cembre 2025<br>C.O.S VICHY<br>VICHY<br><em><strong>Ouvert \u00e0 tous<\/strong><\/em><br><br><\/p>\n\n\n\n<hr class=\"wp-block-separator has-alpha-channel-opacity is-style-wide wp-container-content-69bc4bdf\"\/>\n<\/div>\n\n\n\n<div class=\"wp-block-group is-layout-constrained wp-block-group-is-layout-constrained\">\n<h2 class=\"wp-block-heading has-medium-font-size\">RTA<\/h2>\n\n\n\n<p class=\"wp-container-content-69bc4bdf\">A d\u00e9finir<br>Halle des sports<br>Montlu\u00e7on<br><em><strong>Ouvert \u00e0 tous<\/strong><\/em><br><br><\/p>\n\n\n\n<hr class=\"wp-block-separator has-alpha-channel-opacity is-style-wide wp-container-content-69bc4bdf\"\/>\n<\/div>\n\n\n\n<div class=\"wp-block-group is-layout-constrained wp-block-group-is-layout-constrained\">\n<h2 class=\"wp-block-heading has-medium-font-size\">WE Perf. Bourboule<\/h2>\n\n\n\n<p class=\"wp-container-content-69bc4bdf\">A d\u00e9finir<br>la Bourboule<br>La Bourboule<br><em><strong>Ouvert \u00e0 tous<\/strong><\/em><br><br><\/p>\n\n\n\n<hr class=\"wp-block-separator has-alpha-channel-opacity is-style-wide wp-container-content-69bc4bdf\"\/>\n<\/div>\n\n\n\n<div class=\"wp-block-group is-layout-constrained wp-block-group-is-layout-constrained\">\n<h2 class=\"wp-block-heading has-medium-font-size\">Stage B\u00e9ziers<\/h2>\n\n\n\n<p class=\"wp-container-content-69bc4bdf\">A d\u00e9finir<br>Beziers<br>H\u00e9rault<br><em><strong>Ouvert \u00e0 tous<\/strong><\/em><br><br><\/p>\n\n\n\n<hr class=\"wp-block-separator has-alpha-channel-opacity is-style-wide wp-container-content-69bc4bdf\"\/>\n<\/div>\n\n\n\n<div class=\"wp-block-group is-layout-constrained wp-block-group-is-layout-constrained\">\n<h2 class=\"wp-block-heading has-medium-font-size\">Stage d&rsquo;\u00e9t\u00e9<\/h2>\n\n\n\n<p class=\"wp-container-content-69bc4bdf\">A d\u00e9finir<br>B\u00e9darieux<br>H\u00e9rault<br><em><strong>Ouvert \u00e0 tous<\/strong><\/em><br><br><\/p>\n\n\n\n<hr class=\"wp-block-separator has-alpha-channel-opacity is-style-wide wp-container-content-69bc4bdf\"\/>\n<\/div>\n<\/div>\n\n\n\n<p><\/p>\n","protected":false},"excerpt":{"rendered":"<p>Les dates importantes de l&rsquo;ann\u00e9e : Stages \/ RTA \/ R\u00e9union CV et CN R\u00e9union Coll\u00e8ge CV Dimanche 14 septembre 2025Gymnase de Nerdre Montlu\u00e7onR\u00e9serv\u00e9 CV R\u00e9union Cercle CN Dimanche 28 septembre 2025Gymnase de Nerdre Montlu\u00e7onR\u00e9serv\u00e9 CN Stage de rentr\u00e9e \u00e0 d\u00e9finirGymnase de Nerdre Montlu\u00e7onOuvert \u00e0 tous WE Perfectionnent Vichy 13 et 14 d\u00e9cembre 2025C.O.S VICHYVICHYOuvert [&hellip;]<\/p>\n","protected":false},"author":1,"featured_media":0,"parent":0,"menu_order":0,"comment_status":"closed","ping_status":"closed","template":"","meta":{"footnotes":""},"class_list":["post-126","page","type-page","status-publish","hentry"],"blocksy_meta":{"content_style_source":"inherit","page_structure_type":"type-4","styles_descriptor":{"styles":{"desktop":"","tablet":"","mobile":""},"google_fonts":[],"version":6}},"_links":{"self":[{"href":"https:\/\/medialoha.net\/vvd\/index.php?rest_route=\/wp\/v2\/pages\/126","targetHints":{"allow":["GET"]}}],"collection":[{"href":"https:\/\/medialoha.net\/vvd\/index.php?rest_route=\/wp\/v2\/pages"}],"about":[{"href":"https:\/\/medialoha.net\/vvd\/index.php?rest_route=\/wp\/v2\/types\/page"}],"author":[{"embeddable":true,"href":"https:\/\/medialoha.net\/vvd\/index.php?rest_route=\/wp\/v2\/users\/1"}],"replies":[{"embeddable":true,"href":"https:\/\/medialoha.net\/vvd\/index.php?rest_route=%2Fwp%2Fv2%2Fcomments&post=126"}],"version-history":[{"count":25,"href":"https:\/\/medialoha.net\/vvd\/index.php?rest_route=\/wp\/v2\/pages\/126\/revisions"}],"predecessor-version":[{"id":693,"href":"https:\/\/medialoha.net\/vvd\/index.php?rest_route=\/wp\/v2\/pages\/126\/revisions\/693"}],"wp:attachment":[{"href":"https:\/\/medialoha.net\/vvd\/index.php?rest_route=%2Fwp%2Fv2%2Fmedia&parent=126"}],"curies":[{"name":"wp","href":"https:\/\/api.w.org\/{rel}","templated":true}]}}